{"id":3,"date":"2020-10-24T16:41:17","date_gmt":"2020-10-24T19:41:17","guid":{"rendered":"http:\/\/oftalmopediatriapoa.forteclinica.com.br\/site\/?page_id=3"},"modified":"2024-03-27T10:00:05","modified_gmt":"2024-03-27T13:00:05","slug":"politica-de-privacidade","status":"publish","type":"page","link":"https:\/\/oftalmopediatriapoa.com.br\/site\/politica-de-privacidade\/","title":{"rendered":"POL\u00cdTICA DE PRIVACIDADE"},"content":{"rendered":"\n<h2 class=\"wp-block-heading\" id=\"block-31ade811-259e-4c9a-8aea-8fa38444d11a\">FORTE CL\u00cdNICA M\u00c9DICA E OFTALMOPEDIATRIA.COM.BR<\/h2>\n\n\n\n<h3 class=\"wp-block-heading\"> Respons\u00e1vel T\u00e9cnico Dr. Fausto Stangler CRM\/RS 24730 RQE 17742 <\/h3>\n\n\n\n<p id=\"block-e1b35291-5b23-4233-bf64-30855129ef61\">Esta pol\u00edtica descreve as formas como coletamos, armazenamos, usamos e protegemos suas informa\u00e7\u00f5es pessoais. Voc\u00ea aceita essa pol\u00edtica e concorda com tal coleta, armazenamento e uso quando se inscrever ou usar nossos produtos, servi\u00e7os ou qualquer outro recurso, tecnologia ou funcionalidade que n\u00f3s oferecemos ao acessar nosso site ou por qualquer outro meio. Podemos alterar a esta pol\u00edtica a qualquer momento, divulgando uma vers\u00e3o revisada em nosso site. A vers\u00e3o revisada entrar\u00e1 em vigor assim que disponibilizada no site. Depois do prazo de 30 dias, ser\u00e1 considerado que voc\u00ea concorda com todas as emendas feitas a essa pol\u00edtica se n\u00e3o houver manifesta\u00e7\u00e3o da sua parte em contr\u00e1rio.<\/p>\n\n\n\n<h3 class=\"wp-block-heading\" id=\"block-4b2b7626-6358-4db0-a005-1ae34642a5ba\">Importante: Pol\u00edtica de Descadastramento (\u201cOpt-out\u201d)<\/h3>\n\n\n\n<p id=\"block-12392d75-6dd3-41d6-ae36-a4225602e830\">O usu\u00e1rio dos nossos servi\u00e7os pode a qualquer momento deixar de receber comunica\u00e7\u00f5es do nosso site. Para tanto basta enviar um email para suporte@forteclinica.com.br indicando o seu desejo de n\u00e3o mais receber comunica\u00e7\u00f5es, ou simplesmente clicar no link \u2018remover\u2019 contido no final de cada email.<\/p>\n\n\n\n<h3 class=\"wp-block-heading\" id=\"block-cb69bf76-1bd2-4ea1-a080-a189bf40263e\">Como coletamos informa\u00e7\u00f5es a seu respeito.<\/h3>\n\n\n\n<p id=\"block-4e7661f9-45f8-4d59-98b1-0111dde753b0\">Quando voc\u00ea visita nosso site, coletamos informa\u00e7\u00f5es suas e da sua navega\u00e7\u00e3o fornecidas automaticamente pelo seu navegador, seu provedor, ou voluntariamente por voc\u00ea no&nbsp;site ou pessoalmente em nossa empresa.<\/p>\n\n\n\n<p id=\"block-492cdd27-8832-4f1f-80e0-b3403a9973fa\">Quando voc\u00ea acessa nosso site, n\u00f3s, incluindo as empresas que contratamos para acompanhar como nosso site \u00e9 usado, podemos colocar pequenos arquivos de dados chamados \u201ccookies\u201d no seu computador que permitem identificar sua m\u00e1quina para n\u00f3s ou nossos parceiros.<\/p>\n\n\n\n<p id=\"block-4708806b-4ce9-4aaf-8e27-a04107b83adf\">Estas informa\u00e7\u00f5es ser\u00e3o usadas somente no \u00e2mbito da presta\u00e7\u00e3o de servi\u00e7o da Forte Cl\u00ednica M\u00e9dica ou de nossos parceiros.<\/p>\n\n\n\n<p id=\"block-573963a3-61c9-482c-abae-eaaa34c54806\">Estas informa\u00e7\u00f5es podem estar armazenadas no Brasil ou no exterior, e sob jurisdi\u00e7\u00e3o internacional. Por disposi\u00e7\u00e3o legal, essas informa\u00e7\u00f5es podem ser fornecidas a agentes da lei por intima\u00e7\u00e3o ou em boa coopera\u00e7\u00e3o.<\/p>\n\n\n\n<h2 class=\"wp-block-heading\">Yoast SEO<\/h2>\n\n\n\n<h2 class=\"wp-block-heading\">FORTE CL\u00cdNICA M\u00c9DICA E OFTALMOPEDIATRIAPOA.COM.BR<\/h2>\n\n\n\n<p>Esta pol\u00edtica descreve as formas como coletamos, armazenamos, usamos e protegemos suas informa\u00e7\u00f5es pessoais. Voc\u00ea aceita essa pol\u00edtica e concorda com tal coleta, armazenamento e uso quando se inscrever ou usar nossos produtos, servi\u00e7os ou qualquer outro recurso, tecnologia ou funcionalidade que n\u00f3s oferecemos ao acessar nosso site ou por qualquer outro meio. Podemos alterar a esta pol\u00edtica a qualquer momento, divulgando uma vers\u00e3o revisada em nosso site. A vers\u00e3o revisada entrar\u00e1 em vigor assim que disponibilizada no site. Depois do prazo de 30 dias, ser\u00e1 considerado que voc\u00ea concorda com todas as emendas feitas a essa pol\u00edtica se n\u00e3o houver manifesta\u00e7\u00e3o da sua parte em contr\u00e1rio.<\/p>\n\n\n\n<h3 class=\"wp-block-heading\">Importante: Pol\u00edtica de Descadastramento (\u201cOpt-out\u201d)<\/h3>\n\n\n\n<p>O usu\u00e1rio dos nossos servi\u00e7os pode a qualquer momento deixar de receber comunica\u00e7\u00f5es do nosso site. Para tanto basta enviar um email para suporte@forteclinica.com.br indicando o seu desejo de n\u00e3o mais receber comunica\u00e7\u00f5es, ou simplesmente clicar no link \u2018remover\u2019 contido no final de cada email.<\/p>\n\n\n\n<h3 class=\"wp-block-heading\">Como coletamos informa\u00e7\u00f5es a seu respeito.<\/h3>\n\n\n\n<p>Quando voc\u00ea visita nosso site, coletamos informa\u00e7\u00f5es suas e da sua navega\u00e7\u00e3o fornecidas automaticamente pelo seu navegador, seu provedor, ou voluntariamente por voc\u00ea no&nbsp;site ou pessoalmente em nossa empresa.<\/p>\n\n\n\n<p>Quando voc\u00ea acessa nosso site, n\u00f3s, incluindo as empresas que contratamos para acompanhar como nosso site \u00e9 usado, podemos colocar pequenos arquivos de dados chamados \u201ccookies\u201d no seu computador que permitem identificar sua m\u00e1quina para n\u00f3s ou nossos parceiros.<\/p>\n\n\n\n<p>Estas informa\u00e7\u00f5es ser\u00e3o usadas somente no \u00e2mbito da presta\u00e7\u00e3o de servi\u00e7o da Forte Cl\u00ednica M\u00e9dica ou de nossos parceiros.<\/p>\n\n\n\n<p>Estas informa\u00e7\u00f5es podem estar armazenadas no Brasil ou no exterior, e sob jurisdi\u00e7\u00e3o internacional. Por disposi\u00e7\u00e3o legal, essas informa\u00e7\u00f5es podem ser fornecidas a agentes da lei por intima\u00e7\u00e3o ou em boa coopera\u00e7\u00e3o.<\/p>\n","protected":false},"excerpt":{"rendered":"<p>FORTE CL\u00cdNICA M\u00c9DICA E OFTALMOPEDIATRIA.COM.BR Respons\u00e1vel T\u00e9cnico Dr. Fausto Stangler CRM\/RS 24730 RQE 17742 Esta pol\u00edtica descreve as formas como coletamos, armazenamos, usamos e protegemos suas informa\u00e7\u00f5es pessoais. Voc\u00ea aceita essa pol\u00edtica e concorda com tal coleta, armazenamento e uso quando se inscrever ou usar nossos produtos, servi\u00e7os ou qualquer outro recurso, tecnologia ou funcionalidade que n\u00f3s oferecemos ao acessar nosso site ou por qualquer outro meio. Podemos alterar a esta pol\u00edtica a qualquer momento, divulgando uma vers\u00e3o revisada em nosso site. A vers\u00e3o revisada <a href=\"https:\/\/oftalmopediatriapoa.com.br\/site\/politica-de-privacidade\/\" class=\"more-link\"><span>Leia mais<\/span>\u2192<\/a><\/p>\n","protected":false},"author":1,"featured_media":0,"parent":0,"menu_order":0,"comment_status":"closed","ping_status":"open","template":"","meta":{"footnotes":""},"class_list":["entry","author-dr-fausto-stangler","post-3","page","type-page","status-publish"],"yoast_head":"<!-- This site is optimized with the Yoast SEO plugin v27.4 - https:\/\/yoast.com\/product\/yoast-seo-wordpress\/ -->\n<title>POL\u00cdTICA DE PRIVACIDADE - 51 98231-0230 | OftalmoPediatria POA - Dr. Fausto Stangler<\/title>\n<meta name=\"robots\" content=\"index, follow, max-snippet:-1, max-image-preview:large, max-video-preview:-1\" \/>\n<link rel=\"canonical\" href=\"https:\/\/oftalmopediatriapoa.com.br\/site\/politica-de-privacidade\/\" \/>\n<meta property=\"og:locale\" content=\"pt_BR\" \/>\n<meta property=\"og:type\" content=\"article\" \/>\n<meta property=\"og:title\" content=\"POL\u00cdTICA DE PRIVACIDADE - 51 98231-0230 | OftalmoPediatria POA - Dr. Fausto Stangler\" \/>\n<meta property=\"og:description\" content=\"FORTE CL\u00cdNICA M\u00c9DICA E OFTALMOPEDIATRIA.COM.BR Respons\u00e1vel T\u00e9cnico Dr. Fausto Stangler CRM\/RS 24730 RQE 17742 Esta pol\u00edtica descreve as formas como coletamos, armazenamos, usamos e protegemos suas informa\u00e7\u00f5es pessoais. Voc\u00ea aceita essa pol\u00edtica e concorda com tal coleta, armazenamento e uso quando se inscrever ou usar nossos produtos, servi\u00e7os ou qualquer outro recurso, tecnologia ou funcionalidade que n\u00f3s oferecemos ao acessar nosso site ou por qualquer outro meio. Podemos alterar a esta pol\u00edtica a qualquer momento, divulgando uma vers\u00e3o revisada em nosso site. A vers\u00e3o revisada Leia mais\u2192\" \/>\n<meta property=\"og:url\" content=\"https:\/\/oftalmopediatriapoa.com.br\/site\/politica-de-privacidade\/\" \/>\n<meta property=\"og:site_name\" content=\"51 98231-0230 | OftalmoPediatria POA - Dr. Fausto Stangler\" \/>\n<meta property=\"article:modified_time\" content=\"2024-03-27T13:00:05+00:00\" \/>\n<meta name=\"twitter:card\" content=\"summary_large_image\" \/>\n<meta name=\"twitter:label1\" content=\"Est. tempo de leitura\" \/>\n\t<meta name=\"twitter:data1\" content=\"4 minutos\" \/>\n<script type=\"application\/ld+json\" class=\"yoast-schema-graph\">{\"@context\":\"https:\\\/\\\/schema.org\",\"@graph\":[{\"@type\":\"WebPage\",\"@id\":\"https:\\\/\\\/oftalmopediatriapoa.com.br\\\/site\\\/politica-de-privacidade\\\/\",\"url\":\"https:\\\/\\\/oftalmopediatriapoa.com.br\\\/site\\\/politica-de-privacidade\\\/\",\"name\":\"POL\u00cdTICA DE PRIVACIDADE - 51 98231-0230 | OftalmoPediatria POA - Dr. Fausto Stangler\",\"isPartOf\":{\"@id\":\"https:\\\/\\\/oftalmopediatriapoa.com.br\\\/site\\\/#website\"},\"datePublished\":\"2020-10-24T19:41:17+00:00\",\"dateModified\":\"2024-03-27T13:00:05+00:00\",\"breadcrumb\":{\"@id\":\"https:\\\/\\\/oftalmopediatriapoa.com.br\\\/site\\\/politica-de-privacidade\\\/#breadcrumb\"},\"inLanguage\":\"pt-BR\",\"potentialAction\":[{\"@type\":\"ReadAction\",\"target\":[\"https:\\\/\\\/oftalmopediatriapoa.com.br\\\/site\\\/politica-de-privacidade\\\/\"]}]},{\"@type\":\"BreadcrumbList\",\"@id\":\"https:\\\/\\\/oftalmopediatriapoa.com.br\\\/site\\\/politica-de-privacidade\\\/#breadcrumb\",\"itemListElement\":[{\"@type\":\"ListItem\",\"position\":1,\"name\":\"In\u00edcio\",\"item\":\"https:\\\/\\\/oftalmopediatriapoa.com.br\\\/site\\\/\"},{\"@type\":\"ListItem\",\"position\":2,\"name\":\"POL\u00cdTICA DE PRIVACIDADE\"}]},{\"@type\":\"WebSite\",\"@id\":\"https:\\\/\\\/oftalmopediatriapoa.com.br\\\/site\\\/#website\",\"url\":\"https:\\\/\\\/oftalmopediatriapoa.com.br\\\/site\\\/\",\"name\":\"51 98341-2244 | OftalmoPediatria POA\",\"description\":\"Dr. Fausto Stangler Oftalmologista Pedi\u00e1trico em Porto Alegre\",\"publisher\":{\"@id\":\"https:\\\/\\\/oftalmopediatriapoa.com.br\\\/site\\\/#organization\"},\"potentialAction\":[{\"@type\":\"SearchAction\",\"target\":{\"@type\":\"EntryPoint\",\"urlTemplate\":\"https:\\\/\\\/oftalmopediatriapoa.com.br\\\/site\\\/?s={search_term_string}\"},\"query-input\":{\"@type\":\"PropertyValueSpecification\",\"valueRequired\":true,\"valueName\":\"search_term_string\"}}],\"inLanguage\":\"pt-BR\"},{\"@type\":\"Organization\",\"@id\":\"https:\\\/\\\/oftalmopediatriapoa.com.br\\\/site\\\/#organization\",\"name\":\"Dr. Fausto Stangler Oftalmologista Pedi\u00e1trico em Porto Alegre\",\"url\":\"https:\\\/\\\/oftalmopediatriapoa.com.br\\\/site\\\/\",\"logo\":{\"@type\":\"ImageObject\",\"inLanguage\":\"pt-BR\",\"@id\":\"https:\\\/\\\/oftalmopediatriapoa.com.br\\\/site\\\/#\\\/schema\\\/logo\\\/image\\\/\",\"url\":\"https:\\\/\\\/oftalmopediatriapoa.com.br\\\/site\\\/wp-content\\\/uploads\\\/2020\\\/10\\\/OPP-Logo-Quadrado.jpg\",\"contentUrl\":\"https:\\\/\\\/oftalmopediatriapoa.com.br\\\/site\\\/wp-content\\\/uploads\\\/2020\\\/10\\\/OPP-Logo-Quadrado.jpg\",\"width\":1000,\"height\":1000,\"caption\":\"Dr. Fausto Stangler Oftalmologista Pedi\u00e1trico em Porto Alegre\"},\"image\":{\"@id\":\"https:\\\/\\\/oftalmopediatriapoa.com.br\\\/site\\\/#\\\/schema\\\/logo\\\/image\\\/\"}}]}<\/script>\n<!-- \/ Yoast SEO plugin. -->","yoast_head_json":{"title":"POL\u00cdTICA DE PRIVACIDADE - 51 98231-0230 | OftalmoPediatria POA - Dr. Fausto Stangler","robots":{"index":"index","follow":"follow","max-snippet":"max-snippet:-1","max-image-preview":"max-image-preview:large","max-video-preview":"max-video-preview:-1"},"canonical":"https:\/\/oftalmopediatriapoa.com.br\/site\/politica-de-privacidade\/","og_locale":"pt_BR","og_type":"article","og_title":"POL\u00cdTICA DE PRIVACIDADE - 51 98231-0230 | OftalmoPediatria POA - Dr. Fausto Stangler","og_description":"FORTE CL\u00cdNICA M\u00c9DICA E OFTALMOPEDIATRIA.COM.BR Respons\u00e1vel T\u00e9cnico Dr. Fausto Stangler CRM\/RS 24730 RQE 17742 Esta pol\u00edtica descreve as formas como coletamos, armazenamos, usamos e protegemos suas informa\u00e7\u00f5es pessoais. Voc\u00ea aceita essa pol\u00edtica e concorda com tal coleta, armazenamento e uso quando se inscrever ou usar nossos produtos, servi\u00e7os ou qualquer outro recurso, tecnologia ou funcionalidade que n\u00f3s oferecemos ao acessar nosso site ou por qualquer outro meio. Podemos alterar a esta pol\u00edtica a qualquer momento, divulgando uma vers\u00e3o revisada em nosso site. A vers\u00e3o revisada Leia mais\u2192","og_url":"https:\/\/oftalmopediatriapoa.com.br\/site\/politica-de-privacidade\/","og_site_name":"51 98231-0230 | OftalmoPediatria POA - Dr. Fausto Stangler","article_modified_time":"2024-03-27T13:00:05+00:00","twitter_card":"summary_large_image","twitter_misc":{"Est. tempo de leitura":"4 minutos"},"schema":{"@context":"https:\/\/schema.org","@graph":[{"@type":"WebPage","@id":"https:\/\/oftalmopediatriapoa.com.br\/site\/politica-de-privacidade\/","url":"https:\/\/oftalmopediatriapoa.com.br\/site\/politica-de-privacidade\/","name":"POL\u00cdTICA DE PRIVACIDADE - 51 98231-0230 | OftalmoPediatria POA - Dr. Fausto Stangler","isPartOf":{"@id":"https:\/\/oftalmopediatriapoa.com.br\/site\/#website"},"datePublished":"2020-10-24T19:41:17+00:00","dateModified":"2024-03-27T13:00:05+00:00","breadcrumb":{"@id":"https:\/\/oftalmopediatriapoa.com.br\/site\/politica-de-privacidade\/#breadcrumb"},"inLanguage":"pt-BR","potentialAction":[{"@type":"ReadAction","target":["https:\/\/oftalmopediatriapoa.com.br\/site\/politica-de-privacidade\/"]}]},{"@type":"BreadcrumbList","@id":"https:\/\/oftalmopediatriapoa.com.br\/site\/politica-de-privacidade\/#breadcrumb","itemListElement":[{"@type":"ListItem","position":1,"name":"In\u00edcio","item":"https:\/\/oftalmopediatriapoa.com.br\/site\/"},{"@type":"ListItem","position":2,"name":"POL\u00cdTICA DE PRIVACIDADE"}]},{"@type":"WebSite","@id":"https:\/\/oftalmopediatriapoa.com.br\/site\/#website","url":"https:\/\/oftalmopediatriapoa.com.br\/site\/","name":"51 98341-2244 | OftalmoPediatria POA","description":"Dr. Fausto Stangler Oftalmologista Pedi\u00e1trico em Porto Alegre","publisher":{"@id":"https:\/\/oftalmopediatriapoa.com.br\/site\/#organization"},"potentialAction":[{"@type":"SearchAction","target":{"@type":"EntryPoint","urlTemplate":"https:\/\/oftalmopediatriapoa.com.br\/site\/?s={search_term_string}"},"query-input":{"@type":"PropertyValueSpecification","valueRequired":true,"valueName":"search_term_string"}}],"inLanguage":"pt-BR"},{"@type":"Organization","@id":"https:\/\/oftalmopediatriapoa.com.br\/site\/#organization","name":"Dr. Fausto Stangler Oftalmologista Pedi\u00e1trico em Porto Alegre","url":"https:\/\/oftalmopediatriapoa.com.br\/site\/","logo":{"@type":"ImageObject","inLanguage":"pt-BR","@id":"https:\/\/oftalmopediatriapoa.com.br\/site\/#\/schema\/logo\/image\/","url":"https:\/\/oftalmopediatriapoa.com.br\/site\/wp-content\/uploads\/2020\/10\/OPP-Logo-Quadrado.jpg","contentUrl":"https:\/\/oftalmopediatriapoa.com.br\/site\/wp-content\/uploads\/2020\/10\/OPP-Logo-Quadrado.jpg","width":1000,"height":1000,"caption":"Dr. Fausto Stangler Oftalmologista Pedi\u00e1trico em Porto Alegre"},"image":{"@id":"https:\/\/oftalmopediatriapoa.com.br\/site\/#\/schema\/logo\/image\/"}}]}},"_links":{"self":[{"href":"https:\/\/oftalmopediatriapoa.com.br\/site\/wp-json\/wp\/v2\/pages\/3","targetHints":{"allow":["GET"]}}],"collection":[{"href":"https:\/\/oftalmopediatriapoa.com.br\/site\/wp-json\/wp\/v2\/pages"}],"about":[{"href":"https:\/\/oftalmopediatriapoa.com.br\/site\/wp-json\/wp\/v2\/types\/page"}],"author":[{"embeddable":true,"href":"https:\/\/oftalmopediatriapoa.com.br\/site\/wp-json\/wp\/v2\/users\/1"}],"replies":[{"embeddable":true,"href":"https:\/\/oftalmopediatriapoa.com.br\/site\/wp-json\/wp\/v2\/comments?post=3"}],"version-history":[{"count":4,"href":"https:\/\/oftalmopediatriapoa.com.br\/site\/wp-json\/wp\/v2\/pages\/3\/revisions"}],"predecessor-version":[{"id":310,"href":"https:\/\/oftalmopediatriapoa.com.br\/site\/wp-json\/wp\/v2\/pages\/3\/revisions\/310"}],"wp:attachment":[{"href":"https:\/\/oftalmopediatriapoa.com.br\/site\/wp-json\/wp\/v2\/media?parent=3"}],"curies":[{"name":"wp","href":"https:\/\/api.w.org\/{rel}","templated":true}]}}